{"id":125,"date":"2024-09-05T16:48:27","date_gmt":"2024-09-05T16:48:27","guid":{"rendered":"http:\/\/funcionanonima.es\/?page_id=125"},"modified":"2024-09-07T08:39:46","modified_gmt":"2024-09-07T08:39:46","slug":"125-2","status":"publish","type":"page","link":"https:\/\/funcionanonima.es\/index.php\/125-2\/","title":{"rendered":"{Blog}"},"content":{"rendered":"<ul class=\"wp-block-latest-posts__list has-dates has-author wp-block-latest-posts\"><li><div class=\"wp-block-latest-posts__featured-image\"><a href=\"https:\/\/funcionanonima.es\/index.php\/2024\/12\/07\/bernabeu-infinito\/\" aria-label=\"Bernab\u00e9u iNFINITO\"><img decoding=\"async\" width=\"150\" height=\"150\" src=\"https:\/\/funcionanonima.es\/wp-content\/uploads\/2024\/12\/Bernabeuinfinito-1-150x150.png\" class=\"attachment-thumbnail size-thumbnail wp-post-image\" alt=\"\" style=\"max-width:150px;max-height:150px;\" \/><\/a><\/div><a class=\"wp-block-latest-posts__post-title\" href=\"https:\/\/funcionanonima.es\/index.php\/2024\/12\/07\/bernabeu-infinito\/\">Bernab\u00e9u iNFINITO<\/a><div class=\"wp-block-latest-posts__post-author\">por Ivan Culebras Dufort<\/div><time datetime=\"2024-12-07T15:14:33+00:00\" class=\"wp-block-latest-posts__post-date\">diciembre 7, 2024<\/time><div class=\"wp-block-latest-posts__post-excerpt\">El pasado mes de noviembre se celebr\u00f3 la asamblea de socios compromisarios del Real Madrid. Tranquilo, no te asustes, que esto no es un blog de deportes\u2026 aunque me lo estoy pensando. Ya veremos. Sin embargo, hubo algo que llam\u00f3 especialmente la atenci\u00f3n durante esta asamblea: el&nbsp;Bernab\u00e9u iNFINITO, un proyecto entre el Real Madrid y&#8230; <a class=\"wp-block-latest-posts__read-more\" href=\"https:\/\/funcionanonima.es\/index.php\/2024\/12\/07\/bernabeu-infinito\/\" rel=\"noopener noreferrer\">Lee m\u00e1s<span class=\"screen-reader-text\">: Bernab\u00e9u iNFINITO<\/span><\/a><\/div><\/li>\n<li><div class=\"wp-block-latest-posts__featured-image\"><a href=\"https:\/\/funcionanonima.es\/index.php\/2024\/11\/06\/imac-y-mac-mini-m4-pero-cual-es-la-mejor-opcion\/\" aria-label=\"iMac y Mac mini M4, pero\u2026 \u00bfcu\u00e1l es la mejor opci\u00f3n?\"><img decoding=\"async\" width=\"150\" height=\"150\" src=\"https:\/\/funcionanonima.es\/wp-content\/uploads\/2024\/11\/imagen-destacatada-150x150.jpg\" class=\"attachment-thumbnail size-thumbnail wp-post-image\" alt=\"iMac y mac mini, \u00bf cual elegir ?\" style=\"max-width:150px;max-height:150px;\" \/><\/a><\/div><a class=\"wp-block-latest-posts__post-title\" href=\"https:\/\/funcionanonima.es\/index.php\/2024\/11\/06\/imac-y-mac-mini-m4-pero-cual-es-la-mejor-opcion\/\">iMac y Mac mini M4, pero\u2026 \u00bfcu\u00e1l es la mejor opci\u00f3n?<\/a><div class=\"wp-block-latest-posts__post-author\">por Ivan Culebras Dufort<\/div><time datetime=\"2024-11-06T17:26:43+00:00\" class=\"wp-block-latest-posts__post-date\">noviembre 6, 2024<\/time><div class=\"wp-block-latest-posts__post-excerpt\">Es el gran dilema que todos enfrentamos, especialmente cuando vamos a comprar nuestro primer dispositivo Apple y dudamos entre uno y otro. Lo m\u00e1s importante es que tengas claro a qu\u00e9 vas a orientar tu productividad. Veamos cu\u00e1l opci\u00f3n se adapta mejor a tus necesidades. iMac M4 Este sobremesa de Apple es la primera opci\u00f3n&#8230; <a class=\"wp-block-latest-posts__read-more\" href=\"https:\/\/funcionanonima.es\/index.php\/2024\/11\/06\/imac-y-mac-mini-m4-pero-cual-es-la-mejor-opcion\/\" rel=\"noopener noreferrer\">Lee m\u00e1s<span class=\"screen-reader-text\">: iMac y Mac mini M4, pero\u2026 \u00bfcu\u00e1l es la mejor opci\u00f3n?<\/span><\/a><\/div><\/li>\n<li><div class=\"wp-block-latest-posts__featured-image\"><a href=\"https:\/\/funcionanonima.es\/index.php\/2024\/10\/20\/iphone-16-que-dificil-es-sorprender\/\" aria-label=\"Iphone 16, que dif\u00edcil es sorprender.\"><img decoding=\"async\" width=\"150\" height=\"150\" src=\"https:\/\/funcionanonima.es\/wp-content\/uploads\/2024\/10\/Quedificilessorprender-150x150.png\" class=\"attachment-thumbnail size-thumbnail wp-post-image\" alt=\"Iphone16\" style=\"max-width:150px;max-height:150px;\" \/><\/a><\/div><a class=\"wp-block-latest-posts__post-title\" href=\"https:\/\/funcionanonima.es\/index.php\/2024\/10\/20\/iphone-16-que-dificil-es-sorprender\/\">Iphone 16, que dif\u00edcil es sorprender.<\/a><div class=\"wp-block-latest-posts__post-author\">por Ivan Culebras Dufort<\/div><time datetime=\"2024-10-20T17:31:34+00:00\" class=\"wp-block-latest-posts__post-date\">octubre 20, 2024<\/time><div class=\"wp-block-latest-posts__post-excerpt\">Como todos los a\u00f1os, Apple lanza al mercado un nuevo iPhone, en un ciclo que parece depender m\u00e1s del marketing que de una verdadera necesidad de los usuarios. Sin embargo, este a\u00f1o parec\u00eda distinto&#8230; Hab\u00eda una gran expectaci\u00f3n. Hace unos meses, y m\u00e1s concretamente hace un a\u00f1o, el mundo tecnol\u00f3gico dio un paso firme hacia&#8230; <a class=\"wp-block-latest-posts__read-more\" href=\"https:\/\/funcionanonima.es\/index.php\/2024\/10\/20\/iphone-16-que-dificil-es-sorprender\/\" rel=\"noopener noreferrer\">Lee m\u00e1s<span class=\"screen-reader-text\">: Iphone 16, que dif\u00edcil es sorprender.<\/span><\/a><\/div><\/li>\n<li><div class=\"wp-block-latest-posts__featured-image\"><a href=\"https:\/\/funcionanonima.es\/index.php\/2024\/01\/28\/hello-world\/\" aria-label=\"Aquel a\u00f1o 2000&#8230;\"><img loading=\"lazy\" decoding=\"async\" width=\"150\" height=\"150\" src=\"https:\/\/funcionanonima.es\/wp-content\/uploads\/2024\/01\/aquellosanos02-150x150.png\" class=\"attachment-thumbnail size-thumbnail wp-post-image\" alt=\"\" style=\"max-width:150px;max-height:150px;\" \/><\/a><\/div><a class=\"wp-block-latest-posts__post-title\" href=\"https:\/\/funcionanonima.es\/index.php\/2024\/01\/28\/hello-world\/\">Aquel a\u00f1o 2000&#8230;<\/a><div class=\"wp-block-latest-posts__post-author\">por Ivan Culebras Dufort<\/div><time datetime=\"2024-01-28T15:13:09+00:00\" class=\"wp-block-latest-posts__post-date\">enero 28, 2024<\/time><div class=\"wp-block-latest-posts__post-excerpt\">Los coches iban a volar en el a\u00f1o 2000 dec\u00edamos cuando ten\u00edamos 10 a\u00f1os, all\u00e1 por el a\u00f1o 89&#8230;no, no volaban, pero llego internet, y con ello el mundo de la inform\u00e1tica cambi\u00f3 de nuevo y amplio un horizonte de posibilidades a todos los j\u00f3venes que nos gustaban los ordenadores. Pod\u00edamos hablar a trav\u00e9s del&#8230; <a class=\"wp-block-latest-posts__read-more\" href=\"https:\/\/funcionanonima.es\/index.php\/2024\/01\/28\/hello-world\/\" rel=\"noopener noreferrer\">Lee m\u00e1s<span class=\"screen-reader-text\">: Aquel a\u00f1o 2000&#8230;<\/span><\/a><\/div><\/li>\n<\/ul>","protected":false},"excerpt":{"rendered":"","protected":false},"author":1,"featured_media":0,"parent":0,"menu_order":0,"comment_status":"closed","ping_status":"closed","template":"","meta":{"inline_featured_image":false,"footnotes":""},"class_list":["post-125","page","type-page","status-publish","hentry"],"yoast_head":"<!-- This site is optimized with the Yoast SEO plugin v26.0 - https:\/\/yoast.com\/wordpress\/plugins\/seo\/ -->\n<title>{Blog} - Funci&oacute;n An&oacute;nima<\/title>\n<meta name=\"robots\" content=\"index, follow, max-snippet:-1, max-image-preview:large, max-video-preview:-1\" \/>\n<link rel=\"canonical\" href=\"https:\/\/funcionanonima.es\/index.php\/125-2\/\" \/>\n<meta property=\"og:locale\" content=\"es_ES\" \/>\n<meta property=\"og:type\" content=\"article\" \/>\n<meta property=\"og:title\" content=\"{Blog} - Funci&oacute;n An&oacute;nima\" \/>\n<meta property=\"og:url\" content=\"https:\/\/funcionanonima.es\/index.php\/125-2\/\" \/>\n<meta property=\"og:site_name\" content=\"Funci&oacute;n An&oacute;nima\" \/>\n<meta property=\"article:publisher\" content=\"https:\/\/www.facebook.com\/profile.php?id=61568157711816&amp;locale=es_ES\" \/>\n<meta property=\"article:modified_time\" content=\"2024-09-07T08:39:46+00:00\" \/>\n<meta name=\"twitter:card\" content=\"summary_large_image\" \/>\n<script type=\"application\/ld+json\" class=\"yoast-schema-graph\">{\"@context\":\"https:\/\/schema.org\",\"@graph\":[{\"@type\":\"WebPage\",\"@id\":\"https:\/\/funcionanonima.es\/index.php\/125-2\/\",\"url\":\"https:\/\/funcionanonima.es\/index.php\/125-2\/\",\"name\":\"{Blog} - Funci&oacute;n An&oacute;nima\",\"isPartOf\":{\"@id\":\"https:\/\/funcionanonima.es\/#website\"},\"datePublished\":\"2024-09-05T16:48:27+00:00\",\"dateModified\":\"2024-09-07T08:39:46+00:00\",\"breadcrumb\":{\"@id\":\"https:\/\/funcionanonima.es\/index.php\/125-2\/#breadcrumb\"},\"inLanguage\":\"es\",\"potentialAction\":[{\"@type\":\"ReadAction\",\"target\":[\"https:\/\/funcionanonima.es\/index.php\/125-2\/\"]}]},{\"@type\":\"BreadcrumbList\",\"@id\":\"https:\/\/funcionanonima.es\/index.php\/125-2\/#breadcrumb\",\"itemListElement\":[{\"@type\":\"ListItem\",\"position\":1,\"name\":\"Portada\",\"item\":\"https:\/\/funcionanonima.es\/\"},{\"@type\":\"ListItem\",\"position\":2,\"name\":\"{Blog}\"}]},{\"@type\":\"WebSite\",\"@id\":\"https:\/\/funcionanonima.es\/#website\",\"url\":\"https:\/\/funcionanonima.es\/\",\"name\":\"Funci\u00f3n An\u00f3nima\",\"description\":\"Desarrollo de aplicaciones en entornos apple.\",\"publisher\":{\"@id\":\"https:\/\/funcionanonima.es\/#\/schema\/person\/a38dc84c0a8ae9ba43e77dbd867fc72c\"},\"potentialAction\":[{\"@type\":\"SearchAction\",\"target\":{\"@type\":\"EntryPoint\",\"urlTemplate\":\"https:\/\/funcionanonima.es\/?s={search_term_string}\"},\"query-input\":{\"@type\":\"PropertyValueSpecification\",\"valueRequired\":true,\"valueName\":\"search_term_string\"}}],\"inLanguage\":\"es\"},{\"@type\":[\"Person\",\"Organization\"],\"@id\":\"https:\/\/funcionanonima.es\/#\/schema\/person\/a38dc84c0a8ae9ba43e77dbd867fc72c\",\"name\":\"Ivan Culebras Dufort\",\"image\":{\"@type\":\"ImageObject\",\"inLanguage\":\"es\",\"@id\":\"https:\/\/funcionanonima.es\/#\/schema\/person\/image\/\",\"url\":\"https:\/\/funcionanonima.es\/wp-content\/uploads\/2024\/02\/logoWeb.png\",\"contentUrl\":\"https:\/\/funcionanonima.es\/wp-content\/uploads\/2024\/02\/logoWeb.png\",\"width\":390,\"height\":170,\"caption\":\"Ivan Culebras Dufort\"},\"logo\":{\"@id\":\"https:\/\/funcionanonima.es\/#\/schema\/person\/image\/\"},\"sameAs\":[\"https:\/\/funcionanonima.es\",\"https:\/\/www.facebook.com\/profile.php?id=61568157711816&locale=es_ES\"]}]}<\/script>\n<!-- \/ Yoast SEO plugin. -->","yoast_head_json":{"title":"{Blog} - Funci&oacute;n An&oacute;nima","robots":{"index":"index","follow":"follow","max-snippet":"max-snippet:-1","max-image-preview":"max-image-preview:large","max-video-preview":"max-video-preview:-1"},"canonical":"https:\/\/funcionanonima.es\/index.php\/125-2\/","og_locale":"es_ES","og_type":"article","og_title":"{Blog} - Funci&oacute;n An&oacute;nima","og_url":"https:\/\/funcionanonima.es\/index.php\/125-2\/","og_site_name":"Funci&oacute;n An&oacute;nima","article_publisher":"https:\/\/www.facebook.com\/profile.php?id=61568157711816&locale=es_ES","article_modified_time":"2024-09-07T08:39:46+00:00","twitter_card":"summary_large_image","schema":{"@context":"https:\/\/schema.org","@graph":[{"@type":"WebPage","@id":"https:\/\/funcionanonima.es\/index.php\/125-2\/","url":"https:\/\/funcionanonima.es\/index.php\/125-2\/","name":"{Blog} - Funci&oacute;n An&oacute;nima","isPartOf":{"@id":"https:\/\/funcionanonima.es\/#website"},"datePublished":"2024-09-05T16:48:27+00:00","dateModified":"2024-09-07T08:39:46+00:00","breadcrumb":{"@id":"https:\/\/funcionanonima.es\/index.php\/125-2\/#breadcrumb"},"inLanguage":"es","potentialAction":[{"@type":"ReadAction","target":["https:\/\/funcionanonima.es\/index.php\/125-2\/"]}]},{"@type":"BreadcrumbList","@id":"https:\/\/funcionanonima.es\/index.php\/125-2\/#breadcrumb","itemListElement":[{"@type":"ListItem","position":1,"name":"Portada","item":"https:\/\/funcionanonima.es\/"},{"@type":"ListItem","position":2,"name":"{Blog}"}]},{"@type":"WebSite","@id":"https:\/\/funcionanonima.es\/#website","url":"https:\/\/funcionanonima.es\/","name":"Funci\u00f3n An\u00f3nima","description":"Desarrollo de aplicaciones en entornos apple.","publisher":{"@id":"https:\/\/funcionanonima.es\/#\/schema\/person\/a38dc84c0a8ae9ba43e77dbd867fc72c"},"potentialAction":[{"@type":"SearchAction","target":{"@type":"EntryPoint","urlTemplate":"https:\/\/funcionanonima.es\/?s={search_term_string}"},"query-input":{"@type":"PropertyValueSpecification","valueRequired":true,"valueName":"search_term_string"}}],"inLanguage":"es"},{"@type":["Person","Organization"],"@id":"https:\/\/funcionanonima.es\/#\/schema\/person\/a38dc84c0a8ae9ba43e77dbd867fc72c","name":"Ivan Culebras Dufort","image":{"@type":"ImageObject","inLanguage":"es","@id":"https:\/\/funcionanonima.es\/#\/schema\/person\/image\/","url":"https:\/\/funcionanonima.es\/wp-content\/uploads\/2024\/02\/logoWeb.png","contentUrl":"https:\/\/funcionanonima.es\/wp-content\/uploads\/2024\/02\/logoWeb.png","width":390,"height":170,"caption":"Ivan Culebras Dufort"},"logo":{"@id":"https:\/\/funcionanonima.es\/#\/schema\/person\/image\/"},"sameAs":["https:\/\/funcionanonima.es","https:\/\/www.facebook.com\/profile.php?id=61568157711816&locale=es_ES"]}]}},"_links":{"self":[{"href":"https:\/\/funcionanonima.es\/index.php\/wp-json\/wp\/v2\/pages\/125","targetHints":{"allow":["GET"]}}],"collection":[{"href":"https:\/\/funcionanonima.es\/index.php\/wp-json\/wp\/v2\/pages"}],"about":[{"href":"https:\/\/funcionanonima.es\/index.php\/wp-json\/wp\/v2\/types\/page"}],"author":[{"embeddable":true,"href":"https:\/\/funcionanonima.es\/index.php\/wp-json\/wp\/v2\/users\/1"}],"replies":[{"embeddable":true,"href":"https:\/\/funcionanonima.es\/index.php\/wp-json\/wp\/v2\/comments?post=125"}],"version-history":[{"count":5,"href":"https:\/\/funcionanonima.es\/index.php\/wp-json\/wp\/v2\/pages\/125\/revisions"}],"predecessor-version":[{"id":168,"href":"https:\/\/funcionanonima.es\/index.php\/wp-json\/wp\/v2\/pages\/125\/revisions\/168"}],"wp:attachment":[{"href":"https:\/\/funcionanonima.es\/index.php\/wp-json\/wp\/v2\/media?parent=125"}],"curies":[{"name":"wp","href":"https:\/\/api.w.org\/{rel}","templated":true}]}}